{"id":39,"date":"2023-01-16T13:14:25","date_gmt":"2023-01-16T13:14:25","guid":{"rendered":"https:\/\/skiholidaysbulgaria.com\/about-us\/"},"modified":"2023-08-30T15:30:07","modified_gmt":"2023-08-30T15:30:07","slug":"about-us","status":"publish","type":"page","link":"https:\/\/skiholidaysbulgaria.com\/da\/om-os\/","title":{"rendered":"Om os"},"content":{"rendered":"<p>Vores team er indbegrebet af en uovertruffen passion og ekspertise for den bulgarske skiscene, som du ikke finder andre steder. Denne gl\u00f8d er f\u00f8dt af vores <strong>dyb k\u00e6rlighed til Bulgarien<\/strong>Bulgarien er en af de mest sp\u00e6ndende destinationer i verden, med sine snekl\u00e6dte bjerge og den forfriskende sp\u00e6nding ved at glide ned ad disse utrolige pister. Med mange \u00e5rs erfaring i at krydse disse sned\u00e6kkede stier er vi fuldt udstyrede til at eskortere dig gennem det elektrificerende rige af skiferier i Bulgarien.<\/p>\n\n\n\n<figure class=\"wp-block-image size-large\"><img decoding=\"async\" src=\"https:\/\/skiholidaysbulgaria.com\/wp-content\/uploads\/free-rider-skiing-stockpack-adobe-stock-1024x683.webp\" alt=\"Free rider skil\u00f8b\" class=\"wp-image-578\"\/><figcaption class=\"wp-element-caption\">Freeskiing i Bulgarien<\/figcaption><\/figure>\n\n\n\n<p>For mange mennesker er Bulgarien mere end blot et sted; det er en oase for skientusiaster. Men vi tror p\u00e5, at Bulgarien byder p\u00e5 mere end bare halsbr\u00e6kkende nedk\u00f8rsler. Forestil dig dine dage omsluttet af betagende bjergudsigter, <strong>betagende bulgarsk arkitektur<\/strong>og en overflod af vinteraktiviteter for alle. Og lad os ikke glemme det s\u00e6rlige bulgarske afterski-m\u00f8de - intet matcher f\u00f8lelsen af at afslutte en dag p\u00e5 ski med en varm rakia og levende harmonier i en hyggelig bjergtaverne.<\/p>\n\n\n\n<h2 class=\"wp-block-heading\">Om vores unge team<\/h2>\n\n\n\n<p>Vores team er en dynamisk samling af entusiaster, der er forenet af en f\u00e6lles beundring for Bulgariens tiltr\u00e6kningskraft. Mere end bare teammedlemmer, vi er <strong>erfarne skil\u00f8bere<\/strong>Vi er passionerede vandrere og urokkelige beundrere af Bulgariens fortryllelser. Med en iboende fork\u00e6rlighed for vintersport og en dyb forst\u00e5else for Bulgariens f\u00e6ngslende landskaber, er vi her for at v\u00e6re dine ultimative r\u00e5dgivere til en uforglemmelig skiferie. Det er en stor forn\u00f8jelse for os at introducere andre til de vidundere i Bulgarien, som vi holder s\u00e5 meget af.<\/p>\n\n\n\n<figure class=\"wp-block-image size-large\"><img decoding=\"async\" src=\"https:\/\/skiholidaysbulgaria.com\/wp-content\/uploads\/skier-relaxing-at-sunny-day-on-winter-season-stockpack-adobe-stock-1024x683.webp\" alt=\"Skil\u00f8ber slapper af p\u00e5 solskinsdag i vinters\u00e6sonen\" class=\"wp-image-579\"\/><figcaption class=\"wp-element-caption\">Afslapning og solbadning i Bulgariens bjerge<\/figcaption><\/figure>\n\n\n\n<p>At begive sig ud p\u00e5 en skirejse bliver ubesv\u00e6ret og gl\u00e6deligt under vores vejledning. Uanset om du er p\u00e5 jagt efter <strong>Ideel indkvartering<\/strong> til at afspejle dine pr\u00e6ferencer eller en skr\u00e6ddersyet ekspedition, der omfatter det fineste af Bulgarien, har vi ekspertisen til at<strong> opfylde dine \u00f8nsker.<\/strong> Lad bekymringerne om skipas, koordinering af transport eller andre rejseproblemer ligge - vi har styr p\u00e5 alle de aspekter. Og med vores <strong>Support d\u00f8gnet rundt<\/strong>er en problemfri og mindev\u00e6rdig bulgarsk skioplevelse garanteret.<\/p>\n\n\n\n<h2 class=\"wp-block-heading\">Kom og udforsk med skiferie i Bulgarien<\/h2>\n\n\n\n<p>Pragtfulde omr\u00e5der, indbydende landsbyer, \u00e6ldgamle skikke og sp\u00e6ndende skiterr\u00e6ner - det er essensen af skil\u00f8b i Bulgarien. Vi byder dig hjerteligt velkommen til at begive dig ud p\u00e5 en rejse for at afd\u00e6kke det spektrum af skiferier i Bulgarien, som vi omhyggeligt har sammensat til din forn\u00f8jelse.<\/p>\n\n\n\n<p>Hver pakke er omhyggeligt designet og understreger vores dybe forst\u00e5else af, hvad der g\u00f8r en skiferie til et uforglemmeligt minde. Uanset om du er en erfaren skil\u00f8ber p\u00e5 jagt efter ny sp\u00e6nding eller en nybegynder, der forbereder sig p\u00e5 sin f\u00f8rste tur ned ad pisterne, sikrer vores udvalg et passende valg for enhver skientusiast.<\/p>\n\n\n\n<p>Her er nogle andre ideer til skiferier:<\/p>\n\n\n\n<ul class=\"wp-block-list\">\n<li><a href=\"https:\/\/sloveniaskiholidays.com\/\">Skiferie i Slovenien<\/a><\/li>\n\n\n\n<li><a href=\"https:\/\/skiholidaysdolomites.com\/\">Skiferie i Dolomitterne<\/a><\/li>\n\n\n\n<li><a href=\"https:\/\/skiholidaysitaly.com\/\">Skiferie i Italien<\/a><\/li>\n\n\n\n<li><a href=\"https:\/\/ski-holidays-austria.com\/\">Skiferie \u00d8strig<\/a><\/li>\n<\/ul>","protected":false},"excerpt":{"rendered":"<p>Vores team er indbegrebet af en uovertruffen passion og ekspertise for den bulgarske skiscene, som du ikke finder andre steder. Denne iver er f\u00f8dt af vores dybe k\u00e6rlighed til Bulgarien med dets sned\u00e6kkede bjerge og den forfriskende sp\u00e6nding ved at glide ned ad disse utrolige pister. Med mange \u00e5rs erfaring med at krydse disse sned\u00e6kkede stier er vi fuldt udrustede til at ... <a href=\"https:\/\/skiholidaysbulgaria.com\/da\/om-os\/\">Fortsat<\/a><\/p>","protected":false},"author":40,"featured_media":587,"parent":0,"menu_order":0,"comment_status":"closed","ping_status":"closed","template":"","meta":{"_acf_changed":false,"footnotes":""},"class_list":["post-39","page","type-page","status-publish","has-post-thumbnail","hentry"],"acf":{"page_subheading":"Discover our Enthusiastic Crew \u2014 Your Dedicated Guides for Crafting Unforgettable Ski Escapes and Customized Experiences Across Various Resorts in Bulgaria."},"_links":{"self":[{"href":"https:\/\/skiholidaysbulgaria.com\/da\/wp-json\/wp\/v2\/pages\/39","targetHints":{"allow":["GET"]}}],"collection":[{"href":"https:\/\/skiholidaysbulgaria.com\/da\/wp-json\/wp\/v2\/pages"}],"about":[{"href":"https:\/\/skiholidaysbulgaria.com\/da\/wp-json\/wp\/v2\/types\/page"}],"author":[{"embeddable":true,"href":"https:\/\/skiholidaysbulgaria.com\/da\/wp-json\/wp\/v2\/users\/40"}],"replies":[{"embeddable":true,"href":"https:\/\/skiholidaysbulgaria.com\/da\/wp-json\/wp\/v2\/comments?post=39"}],"version-history":[{"count":4,"href":"https:\/\/skiholidaysbulgaria.com\/da\/wp-json\/wp\/v2\/pages\/39\/revisions"}],"predecessor-version":[{"id":733,"href":"https:\/\/skiholidaysbulgaria.com\/da\/wp-json\/wp\/v2\/pages\/39\/revisions\/733"}],"wp:featuredmedia":[{"embeddable":true,"href":"https:\/\/skiholidaysbulgaria.com\/da\/wp-json\/wp\/v2\/media\/587"}],"wp:attachment":[{"href":"https:\/\/skiholidaysbulgaria.com\/da\/wp-json\/wp\/v2\/media?parent=39"}],"curies":[{"name":"wp","href":"https:\/\/api.w.org\/{rel}","templated":true}]}}