{"id":39,"date":"2023-01-16T13:14:25","date_gmt":"2023-01-16T13:14:25","guid":{"rendered":"https:\/\/skiholidaysbulgaria.com\/about-us\/"},"modified":"2023-08-30T15:30:07","modified_gmt":"2023-08-30T15:30:07","slug":"about-us","status":"publish","type":"page","link":"https:\/\/skiholidaysbulgaria.com\/de\/uber-uns\/","title":{"rendered":"\u00dcber uns"},"content":{"rendered":"<p>Unser Team verk\u00f6rpert eine unvergleichliche Leidenschaft und Expertise f\u00fcr die bulgarische Skiszene, die Sie nirgendwo anders finden werden. Dieser Eifer wird von unserem <strong>tiefe Zuneigung zu Bulgarien<\/strong>mit seinen schneebedeckten Bergen und dem belebenden Nervenkitzel, diese unglaublichen H\u00e4nge hinunterzugleiten. Mit jahrelanger Erfahrung auf diesen schneebedeckten Pisten sind wir bestens ger\u00fcstet, um Sie durch das elektrisierende Reich des Skiurlaubs in Bulgarien zu begleiten.<\/p>\n\n\n\n<figure class=\"wp-block-image size-large\"><img decoding=\"async\" src=\"https:\/\/skiholidaysbulgaria.com\/wp-content\/uploads\/free-rider-skiing-stockpack-adobe-stock-1024x683.webp\" alt=\"Skifahren als Trittbrettfahrer\" class=\"wp-image-578\"\/><figcaption class=\"wp-element-caption\">Freeskiing in Bulgarien<\/figcaption><\/figure>\n\n\n\n<p>F\u00fcr viele Menschen ist Bulgarien mehr als nur ein Ort, es ist eine Oase f\u00fcr Skibegeisterte. Wir sind jedoch der Meinung, dass Bulgarien mehr zu bieten hat als nur rasante Abfahrten. Stellen Sie sich Ihre Tage inmitten atemberaubender Bergpanoramen vor, <strong>Fesselnde bulgarische Architektur<\/strong>und eine F\u00fclle von Winteraktivit\u00e4ten f\u00fcr alle. Und nicht zu vergessen ist das unverwechselbare bulgarische Apr\u00e8s-Ski-Erlebnis - nichts kommt dem Gef\u00fchl gleich, einen Skitag mit einer warmen Rakia und Live-Harmonien in einer gem\u00fctlichen Berggastst\u00e4tte abzuschlie\u00dfen.<\/p>\n\n\n\n<h2 class=\"wp-block-heading\">\u00dcber unser junges Team<\/h2>\n\n\n\n<p>Unser Team ist ein dynamischer Haufen von Enthusiasten, die die Faszination Bulgariens eint. Wir sind mehr als nur Teammitglieder, wir sind <strong>erfahrene Skifahrer<\/strong>Wir sind begeisterte Skifahrer, leidenschaftliche Wanderer und unersch\u00fctterliche Bewunderer des bulgarischen Zaubers. Mit einer angeborenen Affinit\u00e4t zum Wintersport und einer tiefen Wertsch\u00e4tzung f\u00fcr Bulgariens faszinierende Landschaften sind wir hier, um Ihnen als ultimative Berater f\u00fcr einen unvergesslichen Skiurlaub zu dienen. Es ist uns eine gro\u00dfe Freude, anderen die Wunder Bulgariens zu zeigen, die wir so sehr sch\u00e4tzen.<\/p>\n\n\n\n<figure class=\"wp-block-image size-large\"><img decoding=\"async\" src=\"https:\/\/skiholidaysbulgaria.com\/wp-content\/uploads\/skier-relaxing-at-sunny-day-on-winter-season-stockpack-adobe-stock-1024x683.webp\" alt=\"Skifahrer beim Entspannen an einem sonnigen Wintertag\" class=\"wp-image-579\"\/><figcaption class=\"wp-element-caption\">Entspannen und Sonnenbaden in den Bergen Bulgariens<\/figcaption><\/figure>\n\n\n\n<p>Eine Skireise zu unternehmen, wird unter unserer Anleitung zu einem m\u00fchelosen Vergn\u00fcgen. Ob Sie auf der Suche nach dem <strong>ideale Unterkunft<\/strong> oder eine ma\u00dfgeschneiderte Expedition, die die sch\u00f6nsten Seiten Bulgariens umfasst, wir verf\u00fcgen \u00fcber das Know-how, um<strong> Ihre W\u00fcnsche zu erf\u00fcllen.<\/strong> Machen Sie sich keine Gedanken mehr \u00fcber Skip\u00e4sse, die Koordinierung von Transfers oder andere Reiseprobleme - wir k\u00fcmmern uns um all diese Aspekte. Und mit unserem <strong>24\/7 Unterst\u00fctzung<\/strong>ist ein nahtloses und unvergessliches bulgarisches Skierlebnis garantiert.<\/p>\n\n\n\n<h2 class=\"wp-block-heading\">Kommen Sie und entdecken Sie mit Ski Holidays Bulgaria<\/h2>\n\n\n\n<p>Herrliche Gegenden, einladende D\u00f6rfer, uralte Br\u00e4uche und aufregende Skigebiete - das ist die Essenz des Skifahrens in Bulgarien. Wir hei\u00dfen Sie herzlich willkommen, sich auf eine Reise zu begeben, um das Spektrum der Skiurlaube in Bulgarien zu entdecken, die wir sorgf\u00e4ltig f\u00fcr Sie zusammengestellt haben.<\/p>\n\n\n\n<p>Jedes Paket ist sorgf\u00e4ltig zusammengestellt und zeigt, dass wir genau wissen, was einen Skiurlaub zu einer unvergesslichen Erinnerung macht. Egal, ob Sie ein erfahrener Skifahrer auf der Suche nach neuem Nervenkitzel sind oder ein Neuling, der sich auf seine erste Abfahrt vorbereitet, unsere Auswahl bietet f\u00fcr jeden Skibegeisterten die passende Wahl.<\/p>\n\n\n\n<p>Hier sind einige weitere Ideen f\u00fcr Skiurlaube:<\/p>\n\n\n\n<ul class=\"wp-block-list\">\n<li><a href=\"https:\/\/sloveniaskiholidays.com\/\">Slowenien Skiurlaub<\/a><\/li>\n\n\n\n<li><a href=\"https:\/\/skiholidaysdolomites.com\/\">Skiurlaub Dolomiten<\/a><\/li>\n\n\n\n<li><a href=\"https:\/\/skiholidaysitaly.com\/\">Skiurlaub Italien<\/a><\/li>\n\n\n\n<li><a href=\"https:\/\/ski-holidays-austria.com\/\">Skiurlaub \u00d6sterreich<\/a><\/li>\n<\/ul>","protected":false},"excerpt":{"rendered":"<p>Unser Team verk\u00f6rpert eine unvergleichliche Leidenschaft und Expertise f\u00fcr die bulgarische Skiszene, die Sie nirgendwo anders finden werden. Dieser Eifer entspringt unserer tiefen Zuneigung zu Bulgarien mit seinen schneebedeckten Bergen und dem belebenden Nervenkitzel, diese unglaublichen H\u00e4nge hinunterzugleiten. Dank unserer langj\u00e4hrigen Erfahrung auf diesen schneebedeckten Pisten sind wir bestens ger\u00fcstet, ... <a href=\"https:\/\/skiholidaysbulgaria.com\/de\/uber-uns\/\">Fortsetzung<\/a><\/p>","protected":false},"author":40,"featured_media":587,"parent":0,"menu_order":0,"comment_status":"closed","ping_status":"closed","template":"","meta":{"_acf_changed":false,"footnotes":""},"class_list":["post-39","page","type-page","status-publish","has-post-thumbnail","hentry"],"acf":{"page_subheading":"Discover our Enthusiastic Crew \u2014 Your Dedicated Guides for Crafting Unforgettable Ski Escapes and Customized Experiences Across Various Resorts in Bulgaria."},"_links":{"self":[{"href":"https:\/\/skiholidaysbulgaria.com\/de\/wp-json\/wp\/v2\/pages\/39","targetHints":{"allow":["GET"]}}],"collection":[{"href":"https:\/\/skiholidaysbulgaria.com\/de\/wp-json\/wp\/v2\/pages"}],"about":[{"href":"https:\/\/skiholidaysbulgaria.com\/de\/wp-json\/wp\/v2\/types\/page"}],"author":[{"embeddable":true,"href":"https:\/\/skiholidaysbulgaria.com\/de\/wp-json\/wp\/v2\/users\/40"}],"replies":[{"embeddable":true,"href":"https:\/\/skiholidaysbulgaria.com\/de\/wp-json\/wp\/v2\/comments?post=39"}],"version-history":[{"count":4,"href":"https:\/\/skiholidaysbulgaria.com\/de\/wp-json\/wp\/v2\/pages\/39\/revisions"}],"predecessor-version":[{"id":733,"href":"https:\/\/skiholidaysbulgaria.com\/de\/wp-json\/wp\/v2\/pages\/39\/revisions\/733"}],"wp:featuredmedia":[{"embeddable":true,"href":"https:\/\/skiholidaysbulgaria.com\/de\/wp-json\/wp\/v2\/media\/587"}],"wp:attachment":[{"href":"https:\/\/skiholidaysbulgaria.com\/de\/wp-json\/wp\/v2\/media?parent=39"}],"curies":[{"name":"wp","href":"https:\/\/api.w.org\/{rel}","templated":true}]}}