{"id":39,"date":"2023-01-16T13:14:25","date_gmt":"2023-01-16T13:14:25","guid":{"rendered":"https:\/\/skiholidaysbulgaria.com\/about-us\/"},"modified":"2023-08-30T15:30:07","modified_gmt":"2023-08-30T15:30:07","slug":"about-us","status":"publish","type":"page","link":"https:\/\/skiholidaysbulgaria.com\/nb\/om-oss\/","title":{"rendered":"Om oss"},"content":{"rendered":"<p>Teamet v\u00e5rt st\u00e5r for en enest\u00e5ende lidenskap og ekspertise for den bulgarske skiscenen som du ikke finner andre steder. Denne lidenskapen er et resultat av v\u00e5r <strong>dyp kj\u00e6rlighet til Bulgaria<\/strong>Vi har mange \u00e5r bak oss i Bulgaria, med sine sn\u00f8dekte fjell og den oppkvikkende spenningen ved \u00e5 gli nedover disse utrolige bakkene. Vi har mange \u00e5rs erfaring med \u00e5 krysse disse sn\u00f8dekte l\u00f8ypene, og vi er fullt rustet til \u00e5 eskortere deg gjennom det elektrifiserende riket av skiferier i Bulgaria.<\/p>\n\n\n\n<figure class=\"wp-block-image size-large\"><img decoding=\"async\" src=\"https:\/\/skiholidaysbulgaria.com\/wp-content\/uploads\/free-rider-skiing-stockpack-adobe-stock-1024x683.webp\" alt=\"Fri\u00e5kning p\u00e5 ski\" class=\"wp-image-578\"\/><figcaption class=\"wp-element-caption\">Freeskiing i Bulgaria<\/figcaption><\/figure>\n\n\n\n<p>For mange er Bulgaria mer enn bare et sted, det er en oase for skientusiaster. Vi mener imidlertid at Bulgaria byr p\u00e5 mer enn bare halsbrekkende utforkj\u00f8ringer. Se for deg dager omsluttet av fantastiske fjellvyer, <strong>fengslende bulgarsk arkitektur<\/strong>og en overflod av vinteraktiviteter for alle. Og la oss ikke glemme den s\u00e6regne bulgarske afterski-f\u00f8lelsen - ingenting sl\u00e5r f\u00f8lelsen av \u00e5 avslutte en skidag med en varm rakia og liveharmonier p\u00e5 en koselig fjelltaverna.<\/p>\n\n\n\n<h2 class=\"wp-block-heading\">Om v\u00e5rt unge team<\/h2>\n\n\n\n<p>Teamet v\u00e5rt er en dynamisk forsamling av entusiaster, forent av en felles beundring for Bulgarias tiltrekningskraft. Vi er mer enn bare teammedlemmer, vi er <strong>erfarne skil\u00f8pere<\/strong>Vi er alle lidenskapelige turg\u00e5ere og beundrere av Bulgarias fortryllende natur. Vi har en iboende forkj\u00e6rlighet for vintersport og setter stor pris p\u00e5 Bulgarias fengslende landskap, og vi er her for \u00e5 v\u00e6re dine beste r\u00e5dgivere for en uforglemmelig skiferie. Det er en stor glede for oss \u00e5 introdusere andre for Bulgarias herligheter som vi selv setter s\u00e5 h\u00f8yt.<\/p>\n\n\n\n<figure class=\"wp-block-image size-large\"><img decoding=\"async\" src=\"https:\/\/skiholidaysbulgaria.com\/wp-content\/uploads\/skier-relaxing-at-sunny-day-on-winter-season-stockpack-adobe-stock-1024x683.webp\" alt=\"Skil\u00f8per som slapper av p\u00e5 en solrik dag i vintersesongen\" class=\"wp-image-579\"\/><figcaption class=\"wp-element-caption\">Avslapping og soling i de bulgarske fjellene<\/figcaption><\/figure>\n\n\n\n<p>\u00c5 legge ut p\u00e5 en skireise blir til en uanstrengt glede under v\u00e5r veiledning. Enten du er p\u00e5 jakt etter den <strong>ideell innkvartering<\/strong> for \u00e5 gjenspeile dine preferanser eller en skreddersydd ekspedisjon som omfatter det fineste av Bulgaria, har vi ekspertisen til \u00e5<strong> oppfylle dine \u00f8nsker.<\/strong> Du trenger ikke \u00e5 bekymre deg for skipass, koordinering av transport eller andre reiseproblemer - vi tar oss av alt dette. Og med v\u00e5r <strong>Support 24\/7<\/strong>er du garantert en s\u00f8ml\u00f8s og minneverdig bulgarsk skiopplevelse.<\/p>\n\n\n\n<h2 class=\"wp-block-heading\">Kom og utforsk med skiferier i Bulgaria<\/h2>\n\n\n\n<p>Storsl\u00e5tte landskaper, innbydende landsbyer, eldgamle skikker og spennende skiterreng - dette er essensen av skikj\u00f8ring i Bulgaria. Vi \u00f8nsker deg hjertelig velkommen til \u00e5 legge ut p\u00e5 en reise for \u00e5 oppdage det store utvalget av skiferier i Bulgaria som vi har satt sammen for din forn\u00f8yelse.<\/p>\n\n\n\n<p>Hver eneste pakke er n\u00f8ye gjennomtenkt, noe som viser at vi vet hva som gj\u00f8r en skitur til et uforglemmelig minne. Enten du er en erfaren skikj\u00f8rer p\u00e5 jakt etter nye opplevelser eller en nybegynner som forbereder seg p\u00e5 sin f\u00f8rste tur nedover bakkene, har vi et utvalg som passer for enhver skientusiast.<\/p>\n\n\n\n<p>Her er noen andre ideer til skiferier:<\/p>\n\n\n\n<ul class=\"wp-block-list\">\n<li><a href=\"https:\/\/sloveniaskiholidays.com\/\">Skiferie i Slovenia<\/a><\/li>\n\n\n\n<li><a href=\"https:\/\/skiholidaysdolomites.com\/\">Skiferie Dolomittene<\/a><\/li>\n\n\n\n<li><a href=\"https:\/\/skiholidaysitaly.com\/\">Skiferier i Italia<\/a><\/li>\n\n\n\n<li><a href=\"https:\/\/ski-holidays-austria.com\/\">Skiferie \u00d8sterrike<\/a><\/li>\n<\/ul>","protected":false},"excerpt":{"rendered":"<p>Teamet v\u00e5rt st\u00e5r for en enest\u00e5ende lidenskap og ekspertise for det bulgarske skimilj\u00f8et som du ikke finner andre steder. Denne lidenskapen er et resultat av v\u00e5r dype kj\u00e6rlighet til Bulgaria, de sn\u00f8dekte fjellene og den oppkvikkende f\u00f8lelsen av \u00e5 gli ned disse utrolige bakkene. Med mange \u00e5rs erfaring med \u00e5 krysse disse sn\u00f8dekte l\u00f8ypene er vi fullt utstyrt til \u00e5 ... <a href=\"https:\/\/skiholidaysbulgaria.com\/nb\/om-oss\/\">Fortsettelse<\/a><\/p>","protected":false},"author":40,"featured_media":587,"parent":0,"menu_order":0,"comment_status":"closed","ping_status":"closed","template":"","meta":{"_acf_changed":false,"footnotes":""},"class_list":["post-39","page","type-page","status-publish","has-post-thumbnail","hentry"],"acf":{"page_subheading":"Discover our Enthusiastic Crew \u2014 Your Dedicated Guides for Crafting Unforgettable Ski Escapes and Customized Experiences Across Various Resorts in Bulgaria."},"_links":{"self":[{"href":"https:\/\/skiholidaysbulgaria.com\/nb\/wp-json\/wp\/v2\/pages\/39","targetHints":{"allow":["GET"]}}],"collection":[{"href":"https:\/\/skiholidaysbulgaria.com\/nb\/wp-json\/wp\/v2\/pages"}],"about":[{"href":"https:\/\/skiholidaysbulgaria.com\/nb\/wp-json\/wp\/v2\/types\/page"}],"author":[{"embeddable":true,"href":"https:\/\/skiholidaysbulgaria.com\/nb\/wp-json\/wp\/v2\/users\/40"}],"replies":[{"embeddable":true,"href":"https:\/\/skiholidaysbulgaria.com\/nb\/wp-json\/wp\/v2\/comments?post=39"}],"version-history":[{"count":4,"href":"https:\/\/skiholidaysbulgaria.com\/nb\/wp-json\/wp\/v2\/pages\/39\/revisions"}],"predecessor-version":[{"id":733,"href":"https:\/\/skiholidaysbulgaria.com\/nb\/wp-json\/wp\/v2\/pages\/39\/revisions\/733"}],"wp:featuredmedia":[{"embeddable":true,"href":"https:\/\/skiholidaysbulgaria.com\/nb\/wp-json\/wp\/v2\/media\/587"}],"wp:attachment":[{"href":"https:\/\/skiholidaysbulgaria.com\/nb\/wp-json\/wp\/v2\/media?parent=39"}],"curies":[{"name":"wp","href":"https:\/\/api.w.org\/{rel}","templated":true}]}}