{"id":45,"date":"2023-01-16T13:14:25","date_gmt":"2023-01-16T13:14:25","guid":{"rendered":"https:\/\/skiholidaysbulgaria.com\/climate-emergency\/"},"modified":"2023-05-09T08:32:38","modified_gmt":"2023-05-09T08:32:38","slug":"climate-emergency","status":"publish","type":"page","link":"https:\/\/skiholidaysbulgaria.com\/nb\/klimakrise\/","title":{"rendered":"Klimakrise"},"content":{"rendered":"<h2 class=\"wp-block-heading\" id=\"headline-33-8554\">Vi erkl\u00e6rer klimakrise<\/h2>\n\n\n\n<p>Vi har sluttet oss til Tourism Declares, et initiativ som st\u00f8tter reiselivsbedrifter, organisasjoner og enkeltpersoner i \u00e5 erkl\u00e6re klimakrise og iverksette m\u00e5lrettede tiltak for \u00e5 redusere karbonutslippene i tr\u00e5d med r\u00e5dene fra FNs klimapanel (IPCC) om \u00e5 redusere de globale karbonutslippene til 55% under 2017-niv\u00e5et innen 2030.&nbsp;<\/p>\n\n\n\n<p>I likhet med alle signatarene har vi forpliktet oss til f\u00f8lgende fem tiltak:<\/p>\n\n\n\n<ol class=\"wp-block-list\">\n<li>Utvikle en \"klimakriseplan\" i l\u00f8pet av de neste 12 m\u00e5nedene, som beskriver v\u00e5re intensjoner om \u00e5 redusere karbonutslippene i l\u00f8pet av det neste ti\u00e5ret.<\/li>\n\n\n\n<li>Del en f\u00f8rste offentlig erkl\u00e6ring om v\u00e5r \"klimakriseplan\", og oppdater fremdriften hvert \u00e5r.<\/li>\n\n\n\n<li>Akseptere r\u00e5dene fra FNs klimapanel (IPCC) som sier at det er n\u00f8dvendig \u00e5 redusere de globale karbonutslippene til 55% under 2017-niv\u00e5et innen 2030 for \u00e5 holde kloden innenfor 1,5 graders oppvarming. Vi skal s\u00f8rge for at v\u00e5r \"klimakriseplan\" inneholder tiltak som er utformet for \u00e5 oppn\u00e5 dette som et minimum, ved \u00e5 levere transparente, m\u00e5lbare og \u00f8kende reduksjoner i de totale karbonutslippene per kunde som f\u00f8lge av v\u00e5r virksomhet og de reisetjenestene vi selger.&nbsp;<\/li>\n\n\n\n<li>Oppmuntre v\u00e5re leverand\u00f8rer og partnere til \u00e5 avgi den samme erkl\u00e6ringen, dele beste praksis med andre og delta aktivt i Tourism Declares-fellesskapet.<\/li>\n\n\n\n<li>V\u00e6re p\u00e5driver for endring. Vi anerkjenner behovet for systemendringer i hele bransjen for \u00e5 fremskynde en rettferdig overgang til karbonfri turisme.<\/li>\n<\/ol>\n\n\n\n<p>Vennligst vurder ogs\u00e5 \u00e5 deklarere p\u00e5&nbsp;<a href=\"https:\/\/www.tourismdeclares.com\/\" target=\"_blank\" rel=\"noreferrer noopener\">www.tourismdeclares.com<\/a>, og f\u00f8lg @tourismdeclares p\u00e5 Twitter, Facebook eller Linkedin.<\/p>","protected":false},"excerpt":{"rendered":"<p>Vi erkl\u00e6rer klimakrise Vi har meldt oss inn i Tourism Declares, et initiativ som st\u00f8tter reiselivsbedrifter, organisasjoner og enkeltpersoner i \u00e5 erkl\u00e6re klimakrise og iverksette m\u00e5lrettede tiltak for \u00e5 redusere karbonutslippene i henhold til r\u00e5dene fra FNs klimapanel (IPCC) om \u00e5 redusere de globale karbonutslippene til 55% under 2017 ... <a href=\"https:\/\/skiholidaysbulgaria.com\/nb\/klimakrise\/\">Fortsettelse<\/a><\/p>","protected":false},"author":40,"featured_media":0,"parent":0,"menu_order":0,"comment_status":"open","ping_status":"open","template":"","meta":{"_acf_changed":false,"footnotes":""},"class_list":["post-45","page","type-page","status-publish","hentry"],"acf":{"page_subheading":""},"_links":{"self":[{"href":"https:\/\/skiholidaysbulgaria.com\/nb\/wp-json\/wp\/v2\/pages\/45","targetHints":{"allow":["GET"]}}],"collection":[{"href":"https:\/\/skiholidaysbulgaria.com\/nb\/wp-json\/wp\/v2\/pages"}],"about":[{"href":"https:\/\/skiholidaysbulgaria.com\/nb\/wp-json\/wp\/v2\/types\/page"}],"author":[{"embeddable":true,"href":"https:\/\/skiholidaysbulgaria.com\/nb\/wp-json\/wp\/v2\/users\/40"}],"replies":[{"embeddable":true,"href":"https:\/\/skiholidaysbulgaria.com\/nb\/wp-json\/wp\/v2\/comments?post=45"}],"version-history":[{"count":5,"href":"https:\/\/skiholidaysbulgaria.com\/nb\/wp-json\/wp\/v2\/pages\/45\/revisions"}],"predecessor-version":[{"id":373,"href":"https:\/\/skiholidaysbulgaria.com\/nb\/wp-json\/wp\/v2\/pages\/45\/revisions\/373"}],"wp:attachment":[{"href":"https:\/\/skiholidaysbulgaria.com\/nb\/wp-json\/wp\/v2\/media?parent=45"}],"curies":[{"name":"wp","href":"https:\/\/api.w.org\/{rel}","templated":true}]}}